{"id":301,"date":"2022-02-21T08:02:51","date_gmt":"2022-02-21T07:02:51","guid":{"rendered":"https:\/\/leschamoisduvercors.fr\/?page_id=301"},"modified":"2022-02-21T18:48:20","modified_gmt":"2022-02-21T17:48:20","slug":"mentions-legales","status":"publish","type":"page","link":"https:\/\/leschamoisduvercors.fr\/index.php\/mentions-legales\/","title":{"rendered":"Mentions Legales"},"content":{"rendered":"<p>[et_pb_section fb_built=\u00a0\u00bb1&Prime; _builder_version=\u00a0\u00bb4.14.8&Prime; _module_preset=\u00a0\u00bbdefault\u00a0\u00bb global_colors_info=\u00a0\u00bb{}\u00a0\u00bb][et_pb_row _builder_version=\u00a0\u00bb4.14.8&Prime; _module_preset=\u00a0\u00bbdefault\u00a0\u00bb global_colors_info=\u00a0\u00bb{}\u00a0\u00bb][et_pb_column type=\u00a0\u00bb4_4&Prime; _builder_version=\u00a0\u00bb4.14.8&Prime; _module_preset=\u00a0\u00bbdefault\u00a0\u00bb global_colors_info=\u00a0\u00bb{}\u00a0\u00bb][et_pb_blurb title=\u00a0\u00bb\u00c9dition du site\u00a0\u00bb content_max_width=\u00a0\u00bb720px\u00a0\u00bb _builder_version=\u00a0\u00bb4.14.8&Prime; _module_preset=\u00a0\u00bbdefault\u00a0\u00bb global_colors_info=\u00a0\u00bb{}\u00a0\u00bb]<\/p>\n<p>En vertu de l&rsquo;article 6 de la loi n\u00b0 2004-575 du 21 juin 2004 pour la confiance dans l&rsquo;\u00e9conomie num\u00e9rique, il est pr\u00e9cis\u00e9 aux utilisateurs du site internet https:\/\/leschamoisduvercors.fr\/ l&rsquo;identit\u00e9 des diff\u00e9rents intervenants dans le cadre de sa r\u00e9alisation et de son suivi:<br \/>Propri\u00e9taire du site : Sophie Denizot &#8211; Contact : leschamoisduvercors@gmail.com 0686939915 &#8211; Adresse : 195 Chemin de la Source \u2013 26190 Bouvante .<br \/>Identification de l&rsquo;entreprise : Sophie Denizot &#8211; SIREN : 531544591 &#8211; RCS : ROMANS-SUR-ISERE &#8211; Adresse postale : 195 Chemin de la Source \u2013 26190 Bouvante\u00a0<br \/>Directeur de la publication : Sophie DENIZOT &#8211; Contact : leschamoisduvercors@gmail.com .<br \/>H\u00e9bergeur : OVH SAS &#8211; 2 rue Kellermann &#8211; BP 80157 &#8211; 59053 Roubaix Cedex 1 &#8211; T\u00e9l\u00e9phone : 1007<br \/>D\u00e9l\u00e9gu\u00e9 \u00e0 la protection des donn\u00e9es : Sophie DENIZOT &#8211; leschamoisduvercors@gmail.com<\/p>\n<p>[\/et_pb_blurb][et_pb_blurb title=\u00a0\u00bbPropri\u00e9t\u00e9 intellectuelle et contrefa\u00e7ons.\u00a0\u00bb content_max_width=\u00a0\u00bb720px\u00a0\u00bb _builder_version=\u00a0\u00bb4.14.8&Prime; _module_preset=\u00a0\u00bbdefault\u00a0\u00bb global_colors_info=\u00a0\u00bb{}\u00a0\u00bb]<\/p>\n<p>Sophie Denizot est propri\u00e9taire des droits de propri\u00e9t\u00e9 intellectuelle et d\u00e9tient les droits d\u2019usage sur tous les \u00e9l\u00e9ments accessibles sur le site internet, notamment les textes, images, graphismes, logos, vid\u00e9os, architecture, ic\u00f4nes et sons.<br \/>Toute reproduction, repr\u00e9sentation, modification, publication, adaptation de tout ou partie des \u00e9l\u00e9ments du site, quel que soit le moyen ou le proc\u00e9d\u00e9 utilis\u00e9, est interdite, sauf autorisation \u00e9crite pr\u00e9alable de Sophie Denizot.<br \/>Toute exploitation non autoris\u00e9e du site ou de l\u2019un quelconque des \u00e9l\u00e9ments qu\u2019il contient sera consid\u00e9r\u00e9e comme constitutive d\u2019une contrefa\u00e7on et poursuivie conform\u00e9ment aux dispositions des articles L.335-2 et suivants du Code de Propri\u00e9t\u00e9 Intellectuelle.<\/p>\n<p>[\/et_pb_blurb][et_pb_blurb title=\u00a0\u00bbLimitations de responsabilit\u00e9.\u00a0\u00bb content_max_width=\u00a0\u00bb720px\u00a0\u00bb _builder_version=\u00a0\u00bb4.14.8&Prime; _module_preset=\u00a0\u00bbdefault\u00a0\u00bb global_colors_info=\u00a0\u00bb{}\u00a0\u00bb]<\/p>\n<p>Sophie Denizot ne pourra \u00eatre tenu pour responsable des dommages directs et indirects caus\u00e9s au mat\u00e9riel de l\u2019utilisateur, lors de l\u2019acc\u00e8s au site https:\/\/leschamoisduvercors.fr\/.<br \/>Sophie Denizot d\u00e9cline toute responsabilit\u00e9 quant \u00e0 l\u2019utilisation qui pourrait \u00eatre faite des informations et contenus pr\u00e9sents sur https:\/\/leschamoisduvercors.fr\/.<br \/>Sophie Denizot s\u2019engage \u00e0 s\u00e9curiser au mieux le site https:\/\/leschamoisduvercors.fr\/, cependant sa responsabilit\u00e9 ne pourra \u00eatre mise en cause si des donn\u00e9es ind\u00e9sirables sont import\u00e9es et install\u00e9es sur son site \u00e0 son insu.<br \/>Des espaces interactifs (espace contact ou commentaires) sont \u00e0 la disposition des utilisateurs. Sophie Denizot se r\u00e9serve le droit de supprimer, sans mise en demeure pr\u00e9alable, tout contenu d\u00e9pos\u00e9 dans cet espace qui contreviendrait \u00e0 la l\u00e9gislation applicable en France, en particulier aux dispositions relatives \u00e0 la protection des donn\u00e9es.<br \/>Le cas \u00e9ch\u00e9ant, Sophie Denizot se r\u00e9serve \u00e9galement la possibilit\u00e9 de mettre en cause la responsabilit\u00e9 civile et\/ou p\u00e9nale de l\u2019utilisateur, notamment en cas de message \u00e0 caract\u00e8re raciste, injurieux, diffamant, ou pornographique, quel que soit le support utilis\u00e9 (texte, photographie \u2026).<\/p>\n<p>[\/et_pb_blurb][et_pb_blurb title=\u00a0\u00bbCNIL et gestion des donn\u00e9es personnelles.\u00a0\u00bb content_max_width=\u00a0\u00bb720px\u00a0\u00bb _builder_version=\u00a0\u00bb4.14.8&Prime; _module_preset=\u00a0\u00bbdefault\u00a0\u00bb global_colors_info=\u00a0\u00bb{}\u00a0\u00bb]<\/p>\n<p>Conform\u00e9ment aux dispositions de la loi 78-17 du 6 janvier 1978 modifi\u00e9e, l\u2019utilisateur du site https:\/\/leschamoisduvercors.fr\/ dispose d\u2019un droit d\u2019acc\u00e8s, de modification et de suppression des informations collect\u00e9es. Pour exercer ce droit, envoyez un message \u00e0 notre D\u00e9l\u00e9gu\u00e9 \u00e0 la Protection des Donn\u00e9es : Sophie DENIZOT &#8211; leschamoisduvercors@gmail.com.<br \/>Pour plus d&rsquo;informations sur la fa\u00e7on dont nous traitons vos donn\u00e9es (type de donn\u00e9es, finalit\u00e9, destinataire&#8230;), merci de nous contacter.<\/p>\n<p>[\/et_pb_blurb][et_pb_blurb title=\u00a0\u00bbLiens hypertextes et cookies\u00a0\u00bb content_max_width=\u00a0\u00bb720px\u00a0\u00bb _builder_version=\u00a0\u00bb4.14.8&Prime; _module_preset=\u00a0\u00bbdefault\u00a0\u00bb global_colors_info=\u00a0\u00bb{}\u00a0\u00bb]<\/p>\n<p>Au cas o\u00f9 le site https:\/\/leschamoisduvercors.fr\/ contiendrait des liens hypertextes vers d\u2019autres sites, Sophie Denizot d\u00e9gage toute responsabilit\u00e9 \u00e0 propos de ces liens externes ou des liens cr\u00e9\u00e9s par d\u2019autres sites vers https:\/\/leschamoisduvercors.fr\/.<br \/>La navigation sur le site https:\/\/leschamoisduvercors.fr\/ est susceptible de provoquer l\u2019installation de cookie(s) sur l\u2019ordinateur de l\u2019utilisateur.<br \/>Un \u00ab\u00a0cookie\u00a0\u00bb est un fichier de petite taille qui enregistre des informations relatives \u00e0 la navigation d\u2019un utilisateur sur un site. Les donn\u00e9es ainsi obtenues permettent d&rsquo;obtenir des mesures de fr\u00e9quentation, par exemple.<br \/>Vous avez la possibilit\u00e9 d\u2019accepter ou de refuser les cookies en modifiant les param\u00e8tres de votre navigateur. Aucun cookie ne sera d\u00e9pos\u00e9 sans votre consentement.<br \/>Les cookies sont enregistr\u00e9s pour une dur\u00e9e maximale de 12 mois.<\/p>\n<p>[\/et_pb_blurb][et_pb_blurb title=\u00a0\u00bbDroit applicable et attribution de juridiction.\u00a0\u00bb content_max_width=\u00a0\u00bb720px\u00a0\u00bb _builder_version=\u00a0\u00bb4.14.8&Prime; _module_preset=\u00a0\u00bbdefault\u00a0\u00bb global_colors_info=\u00a0\u00bb{}\u00a0\u00bb]<\/p>\n<p>Tout litige en relation avec l\u2019utilisation du site https:\/\/leschamoisduvercors.fr\/ est soumis au droit fran\u00e7ais. En dehors des cas o\u00f9 la loi ne le permet pas, il est fait attribution exclusive de juridiction aux tribunaux comp\u00e9tents de Romans-sur-Isere.<\/p>\n<p>[\/et_pb_blurb][\/et_pb_column][\/et_pb_row][\/et_pb_section]<\/p>\n","protected":false},"excerpt":{"rendered":"<p>En vertu de l&rsquo;article 6 de la loi n\u00b0 2004-575 du 21 juin 2004 pour la confiance dans l&rsquo;\u00e9conomie num\u00e9rique, il est pr\u00e9cis\u00e9 aux utilisateurs du site internet https:\/\/leschamoisduvercors.fr\/ l&rsquo;identit\u00e9 des diff\u00e9rents intervenants dans le cadre de sa r\u00e9alisation et de son suivi:Propri\u00e9taire du site : Sophie Denizot &#8211; Contact : leschamoisduvercors@gmail.com 0686939915 &#8211; Adresse [&hellip;]<\/p>\n","protected":false},"author":1,"featured_media":0,"parent":0,"menu_order":0,"comment_status":"closed","ping_status":"closed","template":"","meta":{"_et_pb_use_builder":"on","_et_pb_old_content":"","_et_gb_content_width":"","footnotes":""},"class_list":["post-301","page","type-page","status-publish","hentry"],"yoast_head":"<!-- This site is optimized with the Yoast SEO plugin v27.4 - https:\/\/yoast.com\/product\/yoast-seo-wordpress\/ -->\n<title>Mentions Legales - Les Chamois - Font d&#039;Urle<\/title>\n<meta name=\"robots\" content=\"index, follow, max-snippet:-1, max-image-preview:large, max-video-preview:-1\" \/>\n<link rel=\"canonical\" href=\"https:\/\/leschamoisduvercors.fr\/index.php\/mentions-legales\/\" \/>\n<meta property=\"og:locale\" content=\"fr_FR\" \/>\n<meta property=\"og:type\" content=\"article\" \/>\n<meta property=\"og:title\" content=\"Mentions Legales - Les Chamois - Font d&#039;Urle\" \/>\n<meta property=\"og:description\" content=\"En vertu de l&#039;article 6 de la loi n\u00b0 2004-575 du 21 juin 2004 pour la confiance dans l&#039;\u00e9conomie num\u00e9rique, il est pr\u00e9cis\u00e9 aux utilisateurs du site internet https:\/\/leschamoisduvercors.fr\/ l&#039;identit\u00e9 des diff\u00e9rents intervenants dans le cadre de sa r\u00e9alisation et de son suivi:Propri\u00e9taire du site : Sophie Denizot - Contact : leschamoisduvercors@gmail.com 0686939915 - Adresse [&hellip;]\" \/>\n<meta property=\"og:url\" content=\"https:\/\/leschamoisduvercors.fr\/index.php\/mentions-legales\/\" \/>\n<meta property=\"og:site_name\" content=\"Les Chamois - Font d&#039;Urle\" \/>\n<meta property=\"article:modified_time\" content=\"2022-02-21T17:48:20+00:00\" \/>\n<meta name=\"twitter:card\" content=\"summary_large_image\" \/>\n<meta name=\"twitter:label1\" content=\"Dur\u00e9e de lecture estim\u00e9e\" \/>\n\t<meta name=\"twitter:data1\" content=\"4 minutes\" \/>\n<script type=\"application\/ld+json\" class=\"yoast-schema-graph\">{\"@context\":\"https:\\\/\\\/schema.org\",\"@graph\":[{\"@type\":\"WebPage\",\"@id\":\"https:\\\/\\\/leschamoisduvercors.fr\\\/index.php\\\/mentions-legales\\\/\",\"url\":\"https:\\\/\\\/leschamoisduvercors.fr\\\/index.php\\\/mentions-legales\\\/\",\"name\":\"Mentions Legales - Les Chamois - Font d&#039;Urle\",\"isPartOf\":{\"@id\":\"https:\\\/\\\/leschamoisduvercors.fr\\\/#website\"},\"datePublished\":\"2022-02-21T07:02:51+00:00\",\"dateModified\":\"2022-02-21T17:48:20+00:00\",\"breadcrumb\":{\"@id\":\"https:\\\/\\\/leschamoisduvercors.fr\\\/index.php\\\/mentions-legales\\\/#breadcrumb\"},\"inLanguage\":\"fr-FR\",\"potentialAction\":[{\"@type\":\"ReadAction\",\"target\":[\"https:\\\/\\\/leschamoisduvercors.fr\\\/index.php\\\/mentions-legales\\\/\"]}]},{\"@type\":\"BreadcrumbList\",\"@id\":\"https:\\\/\\\/leschamoisduvercors.fr\\\/index.php\\\/mentions-legales\\\/#breadcrumb\",\"itemListElement\":[{\"@type\":\"ListItem\",\"position\":1,\"name\":\"Accueil\",\"item\":\"https:\\\/\\\/leschamoisduvercors.fr\\\/\"},{\"@type\":\"ListItem\",\"position\":2,\"name\":\"Mentions Legales\"}]},{\"@type\":\"WebSite\",\"@id\":\"https:\\\/\\\/leschamoisduvercors.fr\\\/#website\",\"url\":\"https:\\\/\\\/leschamoisduvercors.fr\\\/\",\"name\":\"Les Chamois - Font d&#039;Urle\",\"description\":\"Votre gite dans le Vercors\",\"publisher\":{\"@id\":\"https:\\\/\\\/leschamoisduvercors.fr\\\/#organization\"},\"potentialAction\":[{\"@type\":\"SearchAction\",\"target\":{\"@type\":\"EntryPoint\",\"urlTemplate\":\"https:\\\/\\\/leschamoisduvercors.fr\\\/?s={search_term_string}\"},\"query-input\":{\"@type\":\"PropertyValueSpecification\",\"valueRequired\":true,\"valueName\":\"search_term_string\"}}],\"inLanguage\":\"fr-FR\"},{\"@type\":\"Organization\",\"@id\":\"https:\\\/\\\/leschamoisduvercors.fr\\\/#organization\",\"name\":\"Les chamois Font d'Urle\",\"url\":\"https:\\\/\\\/leschamoisduvercors.fr\\\/\",\"logo\":{\"@type\":\"ImageObject\",\"inLanguage\":\"fr-FR\",\"@id\":\"https:\\\/\\\/leschamoisduvercors.fr\\\/#\\\/schema\\\/logo\\\/image\\\/\",\"url\":\"https:\\\/\\\/leschamoisduvercors.fr\\\/wp-content\\\/uploads\\\/2022\\\/02\\\/20210930_165949-scaled.jpg\",\"contentUrl\":\"https:\\\/\\\/leschamoisduvercors.fr\\\/wp-content\\\/uploads\\\/2022\\\/02\\\/20210930_165949-scaled.jpg\",\"width\":2560,\"height\":1482,\"caption\":\"Les chamois Font d'Urle\"},\"image\":{\"@id\":\"https:\\\/\\\/leschamoisduvercors.fr\\\/#\\\/schema\\\/logo\\\/image\\\/\"}}]}<\/script>\n<!-- \/ Yoast SEO plugin. -->","yoast_head_json":{"title":"Mentions Legales - Les Chamois - Font d&#039;Urle","robots":{"index":"index","follow":"follow","max-snippet":"max-snippet:-1","max-image-preview":"max-image-preview:large","max-video-preview":"max-video-preview:-1"},"canonical":"https:\/\/leschamoisduvercors.fr\/index.php\/mentions-legales\/","og_locale":"fr_FR","og_type":"article","og_title":"Mentions Legales - Les Chamois - Font d&#039;Urle","og_description":"En vertu de l'article 6 de la loi n\u00b0 2004-575 du 21 juin 2004 pour la confiance dans l'\u00e9conomie num\u00e9rique, il est pr\u00e9cis\u00e9 aux utilisateurs du site internet https:\/\/leschamoisduvercors.fr\/ l'identit\u00e9 des diff\u00e9rents intervenants dans le cadre de sa r\u00e9alisation et de son suivi:Propri\u00e9taire du site : Sophie Denizot - Contact : leschamoisduvercors@gmail.com 0686939915 - Adresse [&hellip;]","og_url":"https:\/\/leschamoisduvercors.fr\/index.php\/mentions-legales\/","og_site_name":"Les Chamois - Font d&#039;Urle","article_modified_time":"2022-02-21T17:48:20+00:00","twitter_card":"summary_large_image","twitter_misc":{"Dur\u00e9e de lecture estim\u00e9e":"4 minutes"},"schema":{"@context":"https:\/\/schema.org","@graph":[{"@type":"WebPage","@id":"https:\/\/leschamoisduvercors.fr\/index.php\/mentions-legales\/","url":"https:\/\/leschamoisduvercors.fr\/index.php\/mentions-legales\/","name":"Mentions Legales - Les Chamois - Font d&#039;Urle","isPartOf":{"@id":"https:\/\/leschamoisduvercors.fr\/#website"},"datePublished":"2022-02-21T07:02:51+00:00","dateModified":"2022-02-21T17:48:20+00:00","breadcrumb":{"@id":"https:\/\/leschamoisduvercors.fr\/index.php\/mentions-legales\/#breadcrumb"},"inLanguage":"fr-FR","potentialAction":[{"@type":"ReadAction","target":["https:\/\/leschamoisduvercors.fr\/index.php\/mentions-legales\/"]}]},{"@type":"BreadcrumbList","@id":"https:\/\/leschamoisduvercors.fr\/index.php\/mentions-legales\/#breadcrumb","itemListElement":[{"@type":"ListItem","position":1,"name":"Accueil","item":"https:\/\/leschamoisduvercors.fr\/"},{"@type":"ListItem","position":2,"name":"Mentions Legales"}]},{"@type":"WebSite","@id":"https:\/\/leschamoisduvercors.fr\/#website","url":"https:\/\/leschamoisduvercors.fr\/","name":"Les Chamois - Font d&#039;Urle","description":"Votre gite dans le Vercors","publisher":{"@id":"https:\/\/leschamoisduvercors.fr\/#organization"},"potentialAction":[{"@type":"SearchAction","target":{"@type":"EntryPoint","urlTemplate":"https:\/\/leschamoisduvercors.fr\/?s={search_term_string}"},"query-input":{"@type":"PropertyValueSpecification","valueRequired":true,"valueName":"search_term_string"}}],"inLanguage":"fr-FR"},{"@type":"Organization","@id":"https:\/\/leschamoisduvercors.fr\/#organization","name":"Les chamois Font d'Urle","url":"https:\/\/leschamoisduvercors.fr\/","logo":{"@type":"ImageObject","inLanguage":"fr-FR","@id":"https:\/\/leschamoisduvercors.fr\/#\/schema\/logo\/image\/","url":"https:\/\/leschamoisduvercors.fr\/wp-content\/uploads\/2022\/02\/20210930_165949-scaled.jpg","contentUrl":"https:\/\/leschamoisduvercors.fr\/wp-content\/uploads\/2022\/02\/20210930_165949-scaled.jpg","width":2560,"height":1482,"caption":"Les chamois Font d'Urle"},"image":{"@id":"https:\/\/leschamoisduvercors.fr\/#\/schema\/logo\/image\/"}}]}},"_links":{"self":[{"href":"https:\/\/leschamoisduvercors.fr\/index.php\/wp-json\/wp\/v2\/pages\/301","targetHints":{"allow":["GET"]}}],"collection":[{"href":"https:\/\/leschamoisduvercors.fr\/index.php\/wp-json\/wp\/v2\/pages"}],"about":[{"href":"https:\/\/leschamoisduvercors.fr\/index.php\/wp-json\/wp\/v2\/types\/page"}],"author":[{"embeddable":true,"href":"https:\/\/leschamoisduvercors.fr\/index.php\/wp-json\/wp\/v2\/users\/1"}],"replies":[{"embeddable":true,"href":"https:\/\/leschamoisduvercors.fr\/index.php\/wp-json\/wp\/v2\/comments?post=301"}],"version-history":[{"count":0,"href":"https:\/\/leschamoisduvercors.fr\/index.php\/wp-json\/wp\/v2\/pages\/301\/revisions"}],"wp:attachment":[{"href":"https:\/\/leschamoisduvercors.fr\/index.php\/wp-json\/wp\/v2\/media?parent=301"}],"curies":[{"name":"wp","href":"https:\/\/api.w.org\/{rel}","templated":true}]}}